{"id":5667,"date":"2025-04-03T13:23:23","date_gmt":"2025-04-03T11:23:23","guid":{"rendered":"https:\/\/www.oresys.eu\/?page_id=5667"},"modified":"2025-11-19T17:17:56","modified_gmt":"2025-11-19T16:17:56","slug":"oresys-care","status":"publish","type":"page","link":"https:\/\/www.oresys.eu\/en\/oresys-care\/","title":{"rendered":"Oresys Care"},"content":{"rendered":"\n\n\n<style>\n\t#block_202971988880d9f3770c6fe3dfffb794 { background-color: #ffffff; margin:0; }\n\t#block_202971988880d9f3770c6fe3dfffb794 .block-page-header__background-cache { background-color: #ffffff; opacity: 0.7; }\n\t#block_202971988880d9f3770c6fe3dfffb794 svg path { fill: #f5fbfc; }\n\t#block_202971988880d9f3770c6fe3dfffb794 .block-page-header__wave-ellipse--one svg path { fill: #94d5e0; }\n\t#block_202971988880d9f3770c6fe3dfffb794 .block-page-header__wave-ellipse--two svg path { fill: #138986; }\n\n        #block_202971988880d9f3770c6fe3dfffb794 .block-page-header__title { font-size: 2.8em }\n            #block_202971988880d9f3770c6fe3dfffb794 .block-page-header__paragraph { font-size: 1.5em }\n    <\/style>\n\n<header class=\"block-page-header alignfull\" id=\"block_202971988880d9f3770c6fe3dfffb794\">\n\t\t\t<div class=\"block-page-header__background\">\n\t\t\t<img decoding=\"async\"\n                src=\"https:\/\/www.oresys.eu\/wp-content\/uploads\/2024\/03\/SD_AdobeStock_321783986.jpg\"\n                width=\"1760\"\n                height=\"757\"\n                loading=\"lazy\"\n                alt=\"\"\n            \/>\n\t\t\t<div class=\"block-page-header__background-cache\"><\/div>\n\t\t<\/div>\n\t\t<div class=\"block-page-header__container\">\n        <div class=\"block-page-header__content\" style=\"color: #090645\">\n\t\t\t<h1 class=\"block-page-header__title\">Oresys makes a commitment with Oresys Care<\/h1>\n\t\t\t\t\t\t\t\t<\/div>\n\t\t\t<\/div>\n\t<div class=\"block-page-header__wave\">\n\t\t<svg width=\"1920\" height=\"195\" viewBox=\"0 0 1920 195\" fill=\"none\" xmlns=\"http:\/\/www.w3.org\/2000\/svg\">\n<path fill-rule=\"evenodd\" clip-rule=\"evenodd\" d=\"M0 195H1920V4.53829C1749.34 -11.9668 1614.16 19.3599 1467.96 53.2414C1381.66 73.2385 1291.53 94.1256 1188 106.594C995.922 129.725 863 107.075 704.185 80.0131C591.802 60.863 466.453 39.5035 298 30.594C161.698 23.3849 65.2258 56.4462 0 104.994V195Z\" fill=\"white\"\/>\n<\/svg>\n\t\t<div class=\"block-page-header__wave-ellipses block-page-header__wave-ellipses--wave-8\">\n\t\t\t<div class=\"block-page-header__wave-ellipse block-page-header__wave-ellipse--one\">\n\t\t\t\t<svg width=\"686\" height=\"473\" viewBox=\"0 0 686 473\" fill=\"none\" xmlns=\"http:\/\/www.w3.org\/2000\/svg\">\n<path fill-rule=\"evenodd\" clip-rule=\"evenodd\" d=\"M534.207 465.959C521.37 476.469 502.489 474.514 491.433 462.144C376.757 333.838 213.117 250.904 30.0054 242.7C13.4535 241.958 0 228.597 0 212.029V30C0 13.4315 13.4458 -0.0517747 30.0054 0.491648C288.674 8.98015 519.81 126.808 678.693 308.959C689.569 321.429 687.634 340.334 674.832 350.817L534.207 465.959Z\" fill=\"#F74861\"\/>\n<\/svg>\n\t\t\t<\/div>\n\t\t\t<div class=\"block-page-header__wave-ellipse block-page-header__wave-ellipse--two\">\n\t\t\t\t<svg width=\"686\" height=\"473\" viewBox=\"0 0 686 473\" fill=\"none\" xmlns=\"http:\/\/www.w3.org\/2000\/svg\">\n<path fill-rule=\"evenodd\" clip-rule=\"evenodd\" d=\"M534.207 465.959C521.37 476.469 502.489 474.514 491.433 462.144C376.757 333.838 213.117 250.904 30.0054 242.7C13.4535 241.958 0 228.597 0 212.029V30C0 13.4315 13.4458 -0.0517747 30.0054 0.491648C288.674 8.98015 519.81 126.808 678.693 308.959C689.569 321.429 687.634 340.334 674.832 350.817L534.207 465.959Z\" fill=\"#F74861\"\/>\n<\/svg>\n\t\t\t<\/div>\n\t\t<\/div>\n\t<\/div>\n<\/header>\n\n\n\n<div class=\"wp-block-group alignfull has-aqua-island-b-5-background-color has-background is-layout-constrained wp-block-group-is-layout-constrained\">\n<div class=\"wp-block-columns alignwide is-layout-flex wp-container-core-columns-is-layout-28f84493 wp-block-columns-is-layout-flex\">\n<div class=\"wp-block-column is-vertically-aligned-center is-layout-flow wp-container-core-column-is-layout-22223934 wp-block-column-is-layout-flow\">\n<p>The purpose of the <strong>ORESYS Care<\/strong> endowment fund is to support any action or program of a <strong>social<\/strong>, <strong>humanitarian<\/strong>, <strong>environmental<\/strong>, <strong>educational <\/strong>or <strong>family <\/strong>nature aimed at <strong>promoting human dignity in France<\/strong>.<\/p>\n\n\n\n<p><strong>Oresys Care was created on the basis of 3 strong convictions:<\/strong><\/p>\n\n\n\n<ul class=\"wp-block-list\">\n<li>That everyone should be able to <strong>live in dignity<\/strong> is the guarantee of a nation&#8217;s prosperity and social cohesion.<\/li>\n\n\n\n<li><strong>Environmental, social and political inequalities<\/strong> are a constant threat to world peace.<\/li>\n\n\n\n<li>The relationship, the \u2018link\u2019 between people is at the heart of success and peace. This link is only true and effective <strong>through action<\/strong>.<\/li>\n<\/ul>\n\n\n\n<p>Each year Oresys Care launches a call for projects on a theme related to human dignity and supports associations through skills sponsorship.<\/p>\n<\/div>\n\n\n\n<div class=\"wp-block-column is-vertically-aligned-center is-layout-flow wp-block-column-is-layout-flow\" style=\"flex-basis:300px\">\n<figure class=\"wp-block-image size-full\"><img loading=\"lazy\" decoding=\"async\" width=\"555\" height=\"475\" src=\"https:\/\/www.oresys.eu\/wp-content\/uploads\/2025\/02\/Logo-OC.png\" alt=\"\" class=\"wp-image-5056\" srcset=\"https:\/\/www.oresys.eu\/wp-content\/uploads\/2025\/02\/Logo-OC.png 555w, https:\/\/www.oresys.eu\/wp-content\/uploads\/2025\/02\/Logo-OC-300x257.png 300w\" sizes=\"auto, (max-width: 555px) 100vw, 555px\" \/><\/figure>\n<\/div>\n<\/div>\n<\/div>\n\n\n\n<div class=\"wp-block-group alignfull has-white-background-color has-background is-layout-constrained wp-block-group-is-layout-constrained\">\n<div class=\"wp-block-columns alignwide are-vertically-aligned-center is-layout-flex wp-container-core-columns-is-layout-28f84493 wp-block-columns-is-layout-flex\">\n<div class=\"wp-block-column is-vertically-aligned-center is-layout-flow wp-block-column-is-layout-flow\" style=\"flex-basis:40%\">\n<style>\n\t#block_2c2bfd9abc35680aa094baeb966060ad .block-image-bubble__mask-aspect { clip-path: url(#mask-3); }\n\t#block_2c2bfd9abc35680aa094baeb966060ad svg path { fill: #138986; }\n<\/style>\n\n<div class=\"block-image-bubble alignright\" id=\"block_2c2bfd9abc35680aa094baeb966060ad\">\n\t<div class=\"block-image-bubble__mask\">\n\t\t<div class=\"block-image-bubble__mask-aspect block-image-bubble__mask-aspect--mask-3\">\n\t\t\t\t\t\t\t<img decoding=\"async\" src=\"https:\/\/www.oresys.eu\/wp-content\/uploads\/2022\/08\/ORESYS-27-2-scaled.jpg\" alt=\"\" \/>\n\t\t\t\t\t<\/div>\n\t\t<div class=\"block-image-bubble__ellipse block-image-bubble__ellipse--mask-3\">\n\t\t\t<svg width=\"393\" height=\"415\" viewBox=\"0 0 393 415\" fill=\"none\" xmlns=\"http:\/\/www.w3.org\/2000\/svg\">\n<path fill-rule=\"evenodd\" clip-rule=\"evenodd\" d=\"M290.383 2.57737e-05C279.337 2.52625e-05 270.452 8.98336 269.731 20.0055C260.49 161.247 154.147 274.19 20.8815 284.539C9.86902 285.394 0.882756 294.267 0.882756 305.313L0.882752 395C0.882752 406.046 9.84662 415.056 20.8767 414.47C221.825 403.782 382.893 232.895 392.435 20.0024C392.93 8.9678 383.929 3.01032e-05 372.883 2.95919e-05L290.383 2.57737e-05Z\" fill=\"#138986\"\/>\n<\/svg>\n\t\t<\/div>\n\t<\/div>\n<\/div>\n<\/div>\n\n\n\n<div class=\"wp-block-column is-vertically-aligned-center is-layout-flow wp-block-column-is-layout-flow\" style=\"flex-basis:60%\">\n<h2 id='which-associations-are-we-addressing'  class=\"wp-block-heading has-normal-font-size\"><mark style=\"background-color:rgba(0, 0, 0, 0)\" class=\"has-inline-color has-surfie-green-color\">Which associations are we addressing?<\/mark><\/h2>\n\n\n\n<div class=\"wp-block-group is-vertical is-layout-flex wp-container-core-group-is-layout-fe9cc265 wp-block-group-is-layout-flex\">\n<ul class=\"wp-block-list\">\n<li>Associations working in the <strong>social<\/strong>, <strong>environmental<\/strong>, <strong>educational <\/strong>and <strong>family <\/strong>fields to <strong>promote human dignity<\/strong><\/li>\n\n\n\n<li>Associations operating<strong> in France<\/strong><\/li>\n\n\n\n<li>Associations whose <strong>financial situation is viable<\/strong> but does not allow them access to invoiced consultancy or assistance services<\/li>\n\n\n\n<li>Projects in line with the purpose of ORESYS Care and the theme of the year.<\/li>\n<\/ul>\n<\/div>\n\n\n\n<div style=\"height:40px\" aria-hidden=\"true\" class=\"wp-block-spacer\"><\/div>\n\n\n\n<div class=\"wp-block-columns is-layout-flex wp-container-core-columns-is-layout-28f84493 wp-block-columns-is-layout-flex\">\n<div class=\"wp-block-column is-layout-flow wp-block-column-is-layout-flow\">\n<p class=\"has-text-align-center has-surfie-green-color has-text-color has-link-color has-normal-font-size wp-elements-8f333695947fe891c57da136a4bb9a75\"><strong><mark style=\"background-color:rgba(0, 0, 0, 0)\" class=\"has-inline-color has-surfie-green-color\">2020 &#8211;  Employment<\/mark><\/strong><\/p>\n\n\n\n<figure class=\"wp-block-image size-full\"><img loading=\"lazy\" decoding=\"async\" width=\"316\" height=\"118\" src=\"https:\/\/www.oresys.eu\/wp-content\/uploads\/2025\/02\/2020-2.png\" alt=\"\" class=\"wp-image-5062\" srcset=\"https:\/\/www.oresys.eu\/wp-content\/uploads\/2025\/02\/2020-2.png 316w, https:\/\/www.oresys.eu\/wp-content\/uploads\/2025\/02\/2020-2-300x112.png 300w\" sizes=\"auto, (max-width: 316px) 100vw, 316px\" \/><\/figure>\n<\/div>\n\n\n\n<div class=\"wp-block-column is-layout-flow wp-block-column-is-layout-flow\">\n<p class=\"has-text-align-center has-normal-font-size\"><strong><mark style=\"background-color:rgba(0, 0, 0, 0)\" class=\"has-inline-color has-surfie-green-color\">2021 &#8211; Education<\/mark><\/strong><\/p>\n\n\n\n<figure class=\"wp-block-image size-full\"><img loading=\"lazy\" decoding=\"async\" width=\"323\" height=\"105\" src=\"https:\/\/www.oresys.eu\/wp-content\/uploads\/2025\/02\/2021.png\" alt=\"\" class=\"wp-image-5064\" srcset=\"https:\/\/www.oresys.eu\/wp-content\/uploads\/2025\/02\/2021.png 323w, https:\/\/www.oresys.eu\/wp-content\/uploads\/2025\/02\/2021-300x98.png 300w\" sizes=\"auto, (max-width: 323px) 100vw, 323px\" \/><\/figure>\n<\/div>\n<\/div>\n\n\n\n<div class=\"wp-block-columns is-layout-flex wp-container-core-columns-is-layout-28f84493 wp-block-columns-is-layout-flex\">\n<div class=\"wp-block-column is-layout-flow wp-block-column-is-layout-flow\">\n<p class=\"has-text-align-center has-normal-font-size\"><strong><mark style=\"background-color:rgba(0, 0, 0, 0)\" class=\"has-inline-color has-surfie-green-color\">2022 &#8211; Disability<\/mark><\/strong><\/p>\n\n\n\n<figure class=\"wp-block-image size-full\"><img loading=\"lazy\" decoding=\"async\" width=\"334\" height=\"98\" src=\"https:\/\/www.oresys.eu\/wp-content\/uploads\/2025\/02\/2022.png\" alt=\"\" class=\"wp-image-5066\" srcset=\"https:\/\/www.oresys.eu\/wp-content\/uploads\/2025\/02\/2022.png 334w, https:\/\/www.oresys.eu\/wp-content\/uploads\/2025\/02\/2022-300x88.png 300w\" sizes=\"auto, (max-width: 334px) 100vw, 334px\" \/><\/figure>\n<\/div>\n\n\n\n<div class=\"wp-block-column is-layout-flow wp-block-column-is-layout-flow\">\n<p class=\"has-text-align-center has-normal-font-size\" style=\"padding-top:0;padding-right:0;padding-bottom:0;padding-left:0\"><strong><mark style=\"background-color:rgba(0, 0, 0, 0)\" class=\"has-inline-color has-surfie-green-color\">2023 &#8211; The elderly<\/mark><\/strong><\/p>\n\n\n\n<figure class=\"wp-block-image size-full\"><img loading=\"lazy\" decoding=\"async\" width=\"328\" height=\"114\" src=\"https:\/\/www.oresys.eu\/wp-content\/uploads\/2025\/02\/2023.png\" alt=\"\" class=\"wp-image-5068\" srcset=\"https:\/\/www.oresys.eu\/wp-content\/uploads\/2025\/02\/2023.png 328w, https:\/\/www.oresys.eu\/wp-content\/uploads\/2025\/02\/2023-300x104.png 300w\" sizes=\"auto, (max-width: 328px) 100vw, 328px\" \/><\/figure>\n<\/div>\n<\/div>\n\n\n\n<div class=\"wp-block-columns is-layout-flex wp-container-core-columns-is-layout-28f84493 wp-block-columns-is-layout-flex\">\n<div class=\"wp-block-column is-layout-flow wp-block-column-is-layout-flow\">\n<p class=\"has-text-align-center has-normal-font-size\"><strong><mark style=\"background-color:rgba(0, 0, 0, 0)\" class=\"has-inline-color has-surfie-green-color\">2024 &#8211; Dignity through employment<\/mark><\/strong><\/p>\n\n\n\n<figure class=\"wp-block-image size-full\"><img loading=\"lazy\" decoding=\"async\" width=\"555\" height=\"193\" src=\"https:\/\/www.oresys.eu\/wp-content\/uploads\/2025\/04\/logos-OC-2024.png\" alt=\"\" class=\"wp-image-5230\" srcset=\"https:\/\/www.oresys.eu\/wp-content\/uploads\/2025\/04\/logos-OC-2024.png 555w, https:\/\/www.oresys.eu\/wp-content\/uploads\/2025\/04\/logos-OC-2024-300x104.png 300w\" sizes=\"auto, (max-width: 555px) 100vw, 555px\" \/><\/figure>\n<\/div>\n\n\n\n<div class=\"wp-block-column is-layout-flow wp-block-column-is-layout-flow\">\n<p class=\"has-text-align-center has-normal-font-size\"><strong><mark style=\"background-color:rgba(0, 0, 0, 0)\" class=\"has-inline-color has-surfie-green-color\">2025 &#8211; Fragility<\/mark><\/strong><\/p>\n\n\n\n<figure class=\"wp-block-image size-full\"><img loading=\"lazy\" decoding=\"async\" width=\"478\" height=\"225\" src=\"https:\/\/www.oresys.eu\/wp-content\/uploads\/2025\/05\/logo-2025.png\" alt=\"\" class=\"wp-image-5352\" srcset=\"https:\/\/www.oresys.eu\/wp-content\/uploads\/2025\/05\/logo-2025.png 478w, https:\/\/www.oresys.eu\/wp-content\/uploads\/2025\/05\/logo-2025-300x141.png 300w\" sizes=\"auto, (max-width: 478px) 100vw, 478px\" \/><\/figure>\n<\/div>\n<\/div>\n<\/div>\n\n\n\n<div class=\"wp-block-column is-layout-flow wp-block-column-is-layout-flow\"><\/div>\n<\/div>\n<\/div>\n\n\n\n<div style=\"height:50px\" aria-hidden=\"true\" class=\"wp-block-spacer\"><\/div>\n\n\n\n<div class=\"wp-block-columns alignwide has-small-font-size is-layout-flex wp-container-core-columns-is-layout-28f84493 wp-block-columns-is-layout-flex\" style=\"border-style:none;border-width:0px\">\n<div class=\"wp-block-column is-vertically-aligned-center is-layout-flow wp-block-column-is-layout-flow\">\n<figure class=\"wp-block-embed alignright is-type-video is-provider-youtube wp-block-embed-youtube wp-embed-aspect-16-9 wp-has-aspect-ratio\" style=\"margin-top:0;margin-right:0;margin-bottom:0;margin-left:0\"><div class=\"wp-block-embed__wrapper\">\n<iframe loading=\"lazy\" title=\"T\u00e9moignage Client #6 : Accompagner VETA dans son passage \u00e0 l&#039;\u00e9chelle\" width=\"500\" height=\"281\" src=\"https:\/\/www.youtube.com\/embed\/cyHhJLwf_rE?start=4&#038;feature=oembed\" frameborder=\"0\" allow=\"accelerometer; autoplay; clipboard-write; encrypted-media; gyroscope; picture-in-picture; web-share\" referrerpolicy=\"strict-origin-when-cross-origin\" allowfullscreen><\/iframe>\n<\/div><figcaption class=\"wp-element-caption\">Testimonial from VETA &#8211; Association supported to scale up<\/figcaption><\/figure>\n<\/div>\n\n\n\n<div class=\"wp-block-column is-vertically-aligned-center is-layout-flow wp-block-column-is-layout-flow\">\n<figure class=\"wp-block-embed alignleft is-type-video is-provider-youtube wp-block-embed-youtube wp-embed-aspect-16-9 wp-has-aspect-ratio\"><div class=\"wp-block-embed__wrapper\">\n<iframe loading=\"lazy\" title=\"D\u00e9couvrez le t\u00e9moignage de consultants ayant accompagn\u00e9 des associations dans le cadre d&#039;Oresys Care\" width=\"500\" height=\"281\" src=\"https:\/\/www.youtube.com\/embed\/52WR1P-2h5s?feature=oembed\" frameborder=\"0\" allow=\"accelerometer; autoplay; clipboard-write; encrypted-media; gyroscope; picture-in-picture; web-share\" referrerpolicy=\"strict-origin-when-cross-origin\" allowfullscreen><\/iframe>\n<\/div><figcaption class=\"wp-element-caption\">Consultants&#8217; testimonials &#8211; Supporting associations with Oresys Care<\/figcaption><\/figure>\n<\/div>\n<\/div>\n\n\n\n<div class=\"wp-block-group is-vertical is-content-justification-center is-layout-flex wp-container-core-group-is-layout-ce155fab wp-block-group-is-layout-flex\">\n<h2 id=''  class=\"wp-block-heading has-text-align-center has-surfie-green-color has-text-color has-small-font-size\"><\/h2>\n<\/div>\n\n\n\n<style>\n\t#block_df6d78172be5874fb6fb9f51d60ad52a { background-color: #FFFFFF; margin:0; }\n\t#block_df6d78172be5874fb6fb9f51d60ad52a svg path { fill: #f5fbfc; }\n<\/style>\n\n<div class=\"block-wave-separator alignfull\" id=\"block_df6d78172be5874fb6fb9f51d60ad52a\">\n\t<svg width=\"1920\" height=\"217\" viewBox=\"0 0 1920 217\" fill=\"none\" xmlns=\"http:\/\/www.w3.org\/2000\/svg\">\n<path fill-rule=\"evenodd\" clip-rule=\"evenodd\" d=\"M1920 109.37C1864.11 20.1307 1724.7 -51.6955 1384.05 48.9503C1374.48 51.7784 1364.97 54.5941 1355.53 57.392C1065.78 143.255 832.684 212.328 370.245 105.313C197.937 65.4381 78.8774 66.0387 0 97.8174V217H1920V109.37Z\" fill=\"white\"\/>\n<\/svg>\n<\/div>\n\n\n\n<p><\/p>\n\n\n\n<p><\/p>\n","protected":false},"excerpt":{"rendered":"<p>The purpose of the ORESYS Care endowment fund is to support any&#8230;<\/p>\n","protected":false},"author":12,"featured_media":0,"parent":0,"menu_order":0,"comment_status":"closed","ping_status":"closed","template":"","meta":{"_acf_changed":true,"inline_featured_image":false,"footnotes":""},"class_list":["post-5667","page","type-page","status-publish","hentry"],"acf":[],"yoast_head":"<!-- This site is optimized with the Yoast SEO plugin v27.3 - https:\/\/yoast.com\/product\/yoast-seo-wordpress\/ -->\n<title>Oresys Care - Oresys<\/title>\n<meta name=\"robots\" content=\"index, follow, max-snippet:-1, max-image-preview:large, max-video-preview:-1\" \/>\n<link rel=\"canonical\" href=\"https:\/\/www.oresys.eu\/en\/oresys-care\/\" \/>\n<meta property=\"og:locale\" content=\"en_US\" \/>\n<meta property=\"og:type\" content=\"article\" \/>\n<meta property=\"og:title\" content=\"Oresys Care - Oresys\" \/>\n<meta property=\"og:description\" content=\"The purpose of the ORESYS Care endowment fund is to support any...\" \/>\n<meta property=\"og:url\" content=\"https:\/\/www.oresys.eu\/en\/oresys-care\/\" \/>\n<meta property=\"og:site_name\" content=\"Oresys\" \/>\n<meta property=\"article:modified_time\" content=\"2025-11-19T16:17:56+00:00\" \/>\n<meta property=\"og:image\" content=\"https:\/\/www.oresys.eu\/wp-content\/uploads\/2025\/02\/Logo-OC.png\" \/>\n<meta name=\"twitter:card\" content=\"summary_large_image\" \/>\n<meta name=\"twitter:label1\" content=\"Est. reading time\" \/>\n\t<meta name=\"twitter:data1\" content=\"3 minutes\" \/>\n<script type=\"application\/ld+json\" class=\"yoast-schema-graph\">{\"@context\":\"https:\\\/\\\/schema.org\",\"@graph\":[{\"@type\":\"WebPage\",\"@id\":\"https:\\\/\\\/www.oresys.eu\\\/en\\\/oresys-care\\\/\",\"url\":\"https:\\\/\\\/www.oresys.eu\\\/en\\\/oresys-care\\\/\",\"name\":\"Oresys Care - Oresys\",\"isPartOf\":{\"@id\":\"https:\\\/\\\/www.oresys.eu\\\/en\\\/#website\"},\"primaryImageOfPage\":{\"@id\":\"https:\\\/\\\/www.oresys.eu\\\/en\\\/oresys-care\\\/#primaryimage\"},\"image\":{\"@id\":\"https:\\\/\\\/www.oresys.eu\\\/en\\\/oresys-care\\\/#primaryimage\"},\"thumbnailUrl\":\"https:\\\/\\\/www.oresys.eu\\\/wp-content\\\/uploads\\\/2025\\\/02\\\/Logo-OC.png\",\"datePublished\":\"2025-04-03T11:23:23+00:00\",\"dateModified\":\"2025-11-19T16:17:56+00:00\",\"breadcrumb\":{\"@id\":\"https:\\\/\\\/www.oresys.eu\\\/en\\\/oresys-care\\\/#breadcrumb\"},\"inLanguage\":\"en-US\",\"potentialAction\":[{\"@type\":\"ReadAction\",\"target\":[\"https:\\\/\\\/www.oresys.eu\\\/en\\\/oresys-care\\\/\"]}]},{\"@type\":\"ImageObject\",\"inLanguage\":\"en-US\",\"@id\":\"https:\\\/\\\/www.oresys.eu\\\/en\\\/oresys-care\\\/#primaryimage\",\"url\":\"https:\\\/\\\/www.oresys.eu\\\/wp-content\\\/uploads\\\/2025\\\/02\\\/Logo-OC.png\",\"contentUrl\":\"https:\\\/\\\/www.oresys.eu\\\/wp-content\\\/uploads\\\/2025\\\/02\\\/Logo-OC.png\"},{\"@type\":\"BreadcrumbList\",\"@id\":\"https:\\\/\\\/www.oresys.eu\\\/en\\\/oresys-care\\\/#breadcrumb\",\"itemListElement\":[{\"@type\":\"ListItem\",\"position\":1,\"name\":\"Accueil\",\"item\":\"https:\\\/\\\/www.oresys.eu\\\/en\\\/\"},{\"@type\":\"ListItem\",\"position\":2,\"name\":\"Oresys Care\"}]},{\"@type\":\"WebSite\",\"@id\":\"https:\\\/\\\/www.oresys.eu\\\/en\\\/#website\",\"url\":\"https:\\\/\\\/www.oresys.eu\\\/en\\\/\",\"name\":\"Oresys\",\"description\":\"Notre engagement fait la diff\u00e9rence\",\"potentialAction\":[{\"@type\":\"SearchAction\",\"target\":{\"@type\":\"EntryPoint\",\"urlTemplate\":\"https:\\\/\\\/www.oresys.eu\\\/en\\\/?s={search_term_string}\"},\"query-input\":{\"@type\":\"PropertyValueSpecification\",\"valueRequired\":true,\"valueName\":\"search_term_string\"}}],\"inLanguage\":\"en-US\"}]}<\/script>\n<!-- \/ Yoast SEO plugin. -->","yoast_head_json":{"title":"Oresys Care - Oresys","robots":{"index":"index","follow":"follow","max-snippet":"max-snippet:-1","max-image-preview":"max-image-preview:large","max-video-preview":"max-video-preview:-1"},"canonical":"https:\/\/www.oresys.eu\/en\/oresys-care\/","og_locale":"en_US","og_type":"article","og_title":"Oresys Care - Oresys","og_description":"The purpose of the ORESYS Care endowment fund is to support any...","og_url":"https:\/\/www.oresys.eu\/en\/oresys-care\/","og_site_name":"Oresys","article_modified_time":"2025-11-19T16:17:56+00:00","og_image":[{"url":"https:\/\/www.oresys.eu\/wp-content\/uploads\/2025\/02\/Logo-OC.png","type":"","width":"","height":""}],"twitter_card":"summary_large_image","twitter_misc":{"Est. reading time":"3 minutes"},"schema":{"@context":"https:\/\/schema.org","@graph":[{"@type":"WebPage","@id":"https:\/\/www.oresys.eu\/en\/oresys-care\/","url":"https:\/\/www.oresys.eu\/en\/oresys-care\/","name":"Oresys Care - Oresys","isPartOf":{"@id":"https:\/\/www.oresys.eu\/en\/#website"},"primaryImageOfPage":{"@id":"https:\/\/www.oresys.eu\/en\/oresys-care\/#primaryimage"},"image":{"@id":"https:\/\/www.oresys.eu\/en\/oresys-care\/#primaryimage"},"thumbnailUrl":"https:\/\/www.oresys.eu\/wp-content\/uploads\/2025\/02\/Logo-OC.png","datePublished":"2025-04-03T11:23:23+00:00","dateModified":"2025-11-19T16:17:56+00:00","breadcrumb":{"@id":"https:\/\/www.oresys.eu\/en\/oresys-care\/#breadcrumb"},"inLanguage":"en-US","potentialAction":[{"@type":"ReadAction","target":["https:\/\/www.oresys.eu\/en\/oresys-care\/"]}]},{"@type":"ImageObject","inLanguage":"en-US","@id":"https:\/\/www.oresys.eu\/en\/oresys-care\/#primaryimage","url":"https:\/\/www.oresys.eu\/wp-content\/uploads\/2025\/02\/Logo-OC.png","contentUrl":"https:\/\/www.oresys.eu\/wp-content\/uploads\/2025\/02\/Logo-OC.png"},{"@type":"BreadcrumbList","@id":"https:\/\/www.oresys.eu\/en\/oresys-care\/#breadcrumb","itemListElement":[{"@type":"ListItem","position":1,"name":"Accueil","item":"https:\/\/www.oresys.eu\/en\/"},{"@type":"ListItem","position":2,"name":"Oresys Care"}]},{"@type":"WebSite","@id":"https:\/\/www.oresys.eu\/en\/#website","url":"https:\/\/www.oresys.eu\/en\/","name":"Oresys","description":"Notre engagement fait la diff\u00e9rence","potentialAction":[{"@type":"SearchAction","target":{"@type":"EntryPoint","urlTemplate":"https:\/\/www.oresys.eu\/en\/?s={search_term_string}"},"query-input":{"@type":"PropertyValueSpecification","valueRequired":true,"valueName":"search_term_string"}}],"inLanguage":"en-US"}]}},"_links":{"self":[{"href":"https:\/\/www.oresys.eu\/en\/wp-json\/wp\/v2\/pages\/5667","targetHints":{"allow":["GET"]}}],"collection":[{"href":"https:\/\/www.oresys.eu\/en\/wp-json\/wp\/v2\/pages"}],"about":[{"href":"https:\/\/www.oresys.eu\/en\/wp-json\/wp\/v2\/types\/page"}],"author":[{"embeddable":true,"href":"https:\/\/www.oresys.eu\/en\/wp-json\/wp\/v2\/users\/12"}],"replies":[{"embeddable":true,"href":"https:\/\/www.oresys.eu\/en\/wp-json\/wp\/v2\/comments?post=5667"}],"version-history":[{"count":0,"href":"https:\/\/www.oresys.eu\/en\/wp-json\/wp\/v2\/pages\/5667\/revisions"}],"wp:attachment":[{"href":"https:\/\/www.oresys.eu\/en\/wp-json\/wp\/v2\/media?parent=5667"}],"curies":[{"name":"wp","href":"https:\/\/api.w.org\/{rel}","templated":true}]}}